{"id":13,"date":"2020-03-05T08:26:21","date_gmt":"2020-03-05T08:26:21","guid":{"rendered":"http:\/\/medusa-dreads.de\/?page_id=13"},"modified":"2024-11-21T15:35:23","modified_gmt":"2024-11-21T15:35:23","slug":"fragen-zum-thema-dreads","status":"publish","type":"page","link":"https:\/\/medusa-dreads.de\/?page_id=13","title":{"rendered":"Fragen zum Thema Dreads"},"content":{"rendered":"<p><img fetchpriority=\"high\" decoding=\"async\" src=\"http:\/\/medusa-dreads.de\/wp-content\/uploads\/2020\/03\/Medusa-Illustration.png\" sizes=\"(max-width: 1200px) 100vw, 1200px\" srcset=\"https:\/\/medusa-dreads.de\/wp-content\/uploads\/2020\/03\/Medusa-Illustration.png 1500w, https:\/\/medusa-dreads.de\/wp-content\/uploads\/2020\/03\/Medusa-Illustration-298x300.png 298w, https:\/\/medusa-dreads.de\/wp-content\/uploads\/2020\/03\/Medusa-Illustration-1018x1024.png 1018w, https:\/\/medusa-dreads.de\/wp-content\/uploads\/2020\/03\/Medusa-Illustration-150x150.png 150w, https:\/\/medusa-dreads.de\/wp-content\/uploads\/2020\/03\/Medusa-Illustration-768x773.png 768w\" alt=\"\" width=\"1200\" height=\"1207\" \/><br \/>\n<a>Spieglein, Spieglein an der Wand \u2013 stehen mir Dreadlocks?<\/a><\/p>\n<p>Nat\u00fcrlich werde ich dich dahin gehend beraten, um das sch\u00f6nste Ergebnis zu erzielen.<\/p>\n<p>Du bekommst das \u201egewisse etwas\u201c von mir verpasst und darfst dich \u00fcber deine ganz individuelle und auf dich abgestimmte Dreadm\u00e4hne freuen.<\/p>\n<p>Lass sie fliag\u2019n deine Dreads \ud83d\ude09<\/p>\n<p><a>Preisfrage &#8211; Kosta quanta?<\/a><\/p>\n<p>Neuerstellung: 250\u20ac (erster Tag \/ 6 Stunden)<\/p>\n<p>Jede weitere Stunde 35\u20ac<\/p>\n<p>Dreadpflege: 35\u20ac\/Stunde<\/p>\n<p><a>Haarl\u00e4nge \u2013 Hol das Ma\u00dfband Baby<\/a><\/p>\n<p>Um sch\u00f6ne und stabile Dreads zu bekommen, ist es wichtig, dass deine Haare eine gewisse L\u00e4nge haben. Bei einer Haarl\u00e4nge <strong>ab 10cm + Extenisons<\/strong> und <strong>ab 15cm<\/strong> ohne Verl\u00e4ngerung verwandle ich deinen Haarschopf\u00a0 zu einer Dreadm\u00e4hne. Bitte beachte, dass das Erstellen von Dreadlocks unterhalb dieser Mindestl\u00e4nge nicht professionell w\u00e4re und die Haltbarkeit deiner Dreads nicht gew\u00e4hrleistet ist.<\/p>\n<p><a>Schmerzen &#8211; Aua?<\/a><\/p>\n<p>Das Schmerzempfinden ist von Mensch zu Mensch ganz unterschiedlich und ebenso \u201etagesformabh\u00e4nig \u201e. Der eine sp\u00fcrt gar nichts, der andere ein leichtes ziehen, wieder andere sind vielleicht etwas empfindlicher.\u00a0 Am besten hilft dir Ablenkung, gen\u00fcgend Essen und ausreichend Schlaf.<\/p>\n<p>Und nat\u00fcrlich die Vorfreude.<\/p>\n<p><a>Haarl\u00e4ngenverk\u00fcrzung &#8211; Hab ich danach ganz kurze Dreads?<\/a><\/p>\n<p>Das h\u00e4ngt nat\u00fcrlich ganz von deinen Haaren ab. Meistens verk\u00fcrzen sich die Dreads ab dem Punkt, wo deine Haare gegen Ende hin d\u00fcnner werden. Bei manchen ist der L\u00e4ngenunterschied kaum zu sehen, bei anderen verk\u00fcrzen sich die Haare etwas mehr. Mit Verl\u00e4ngerungen kann man direkt ein \u201elanges-Haar-Ergebnis\u201c erzielen.<\/p>\n<p><a>Schwangerschaft und Kinder \u2013 Babyalarm und Fr\u00fchanf\u00e4nger?<\/a><\/p>\n<p>Dreaderstellungen sowie Pflegetermine bedeuten meist Stress und Schmerzen f\u00fcr den K\u00f6rper und werden daher von mir nur bis zum 6. Schwangerschaftsmonat durchgef\u00fchrt.<\/p>\n<p>Das Selbe gilt bei\u00a0 Kindern bzw. Jugendlichen unter 14 Jahren.<\/p>\n<p><a>Hegen und Pflegen \u2013 was kommt danach?<\/a><\/p>\n<p>Wer sch\u00f6ne Dreads haben m\u00f6chte, sollte nat\u00fcrlich im Anschluss die Flauschis brav hegen und pflegen.<\/p>\n<p>Nat\u00fcrlich erh\u00e4ltst du von mir alle wichtigen Tipps und Tricks die ein Dreadhead wissen muss. Au\u00dferdem stehe ich dir ab sofort jederzeit unterst\u00fctzend, mit Rat und Tat zur Seite. Es kann also gar nichts schief gehen.<\/p>\n<p><a>Keine Dreadlocks mehr \u2013 muss jetzt alles ab?<\/a><\/p>\n<p>NEIN! Keine Panik.<\/p>\n<p>Das ist gef\u00fchlt die gr\u00f6\u00dfte Angst und das gr\u00f6\u00dfte Hindernis f\u00fcr die Meisten \u2013 OMG ich habe danach eine Glatze\u2026Quatsch!<\/p>\n<p>Mit Geduld und ein paar Tricks kannst du deine Dreads wieder aufk\u00e4mmen.<\/p>\n<p>Aber dar\u00fcber reden wir, wenn es so weit sein sollte.<\/p>\n<p><a role=\"button\" href=\"http:\/\/medusa-dreads.de\/?page_id=12\"><br \/>\nTermin vereinbaren<br \/>\n<\/a><\/p>\n","protected":false},"excerpt":{"rendered":"<p>Spieglein, Spieglein an der Wand \u2013 stehen mir Dreadlocks? Nat\u00fcrlich werde ich dich dahin gehend beraten, um das sch\u00f6nste Ergebnis zu erzielen. Du bekommst das \u201egewisse etwas\u201c von mir verpasst und darfst dich \u00fcber deine ganz individuelle und auf dich abgestimmte Dreadm\u00e4hne freuen. Lass sie fliag\u2019n deine Dreads \ud83d\ude09 Preisfrage &#8211; Kosta quanta? Neuerstellung: 250\u20ac [&hellip;]<\/p>\n","protected":false},"author":1,"featured_media":0,"parent":0,"menu_order":0,"comment_status":"closed","ping_status":"closed","template":"","meta":{"ocean_post_layout":"","ocean_both_sidebars_style":"","ocean_both_sidebars_content_width":0,"ocean_both_sidebars_sidebars_width":0,"ocean_sidebar":"0","ocean_second_sidebar":"0","ocean_disable_margins":"enable","ocean_add_body_class":"","ocean_shortcode_before_top_bar":"","ocean_shortcode_after_top_bar":"","ocean_shortcode_before_header":"","ocean_shortcode_after_header":"","ocean_has_shortcode":"","ocean_shortcode_after_title":"","ocean_shortcode_before_footer_widgets":"","ocean_shortcode_after_footer_widgets":"","ocean_shortcode_before_footer_bottom":"","ocean_shortcode_after_footer_bottom":"","ocean_display_top_bar":"default","ocean_display_header":"default","ocean_header_style":"","ocean_center_header_left_menu":"0","ocean_custom_header_template":"0","ocean_custom_logo":0,"ocean_custom_retina_logo":0,"ocean_custom_logo_max_width":0,"ocean_custom_logo_tablet_max_width":0,"ocean_custom_logo_mobile_max_width":0,"ocean_custom_logo_max_height":0,"ocean_custom_logo_tablet_max_height":0,"ocean_custom_logo_mobile_max_height":0,"ocean_header_custom_menu":"0","ocean_menu_typo_font_family":"0","ocean_menu_typo_font_subset":"","ocean_menu_typo_font_size":0,"ocean_menu_typo_font_size_tablet":0,"ocean_menu_typo_font_size_mobile":0,"ocean_menu_typo_font_size_unit":"px","ocean_menu_typo_font_weight":"","ocean_menu_typo_font_weight_tablet":"","ocean_menu_typo_font_weight_mobile":"","ocean_menu_typo_transform":"","ocean_menu_typo_transform_tablet":"","ocean_menu_typo_transform_mobile":"","ocean_menu_typo_line_height":0,"ocean_menu_typo_line_height_tablet":0,"ocean_menu_typo_line_height_mobile":0,"ocean_menu_typo_line_height_unit":"","ocean_menu_typo_spacing":0,"ocean_menu_typo_spacing_tablet":0,"ocean_menu_typo_spacing_mobile":0,"ocean_menu_typo_spacing_unit":"","ocean_menu_link_color":"","ocean_menu_link_color_hover":"","ocean_menu_link_color_active":"","ocean_menu_link_background":"","ocean_menu_link_hover_background":"","ocean_menu_link_active_background":"","ocean_menu_social_links_bg":"","ocean_menu_social_hover_links_bg":"","ocean_menu_social_links_color":"","ocean_menu_social_hover_links_color":"","ocean_disable_title":"default","ocean_disable_heading":"default","ocean_post_title":"","ocean_post_subheading":"","ocean_post_title_style":"","ocean_post_title_background_color":"","ocean_post_title_background":0,"ocean_post_title_bg_image_position":"","ocean_post_title_bg_image_attachment":"","ocean_post_title_bg_image_repeat":"","ocean_post_title_bg_image_size":"","ocean_post_title_height":0,"ocean_post_title_bg_overlay":0.5,"ocean_post_title_bg_overlay_color":"","ocean_disable_breadcrumbs":"default","ocean_breadcrumbs_color":"","ocean_breadcrumbs_separator_color":"","ocean_breadcrumbs_links_color":"","ocean_breadcrumbs_links_hover_color":"","ocean_display_footer_widgets":"default","ocean_display_footer_bottom":"default","ocean_custom_footer_template":"0","footnotes":""},"class_list":["post-13","page","type-page","status-publish","hentry","entry"],"_links":{"self":[{"href":"https:\/\/medusa-dreads.de\/index.php?rest_route=\/wp\/v2\/pages\/13","targetHints":{"allow":["GET"]}}],"collection":[{"href":"https:\/\/medusa-dreads.de\/index.php?rest_route=\/wp\/v2\/pages"}],"about":[{"href":"https:\/\/medusa-dreads.de\/index.php?rest_route=\/wp\/v2\/types\/page"}],"author":[{"embeddable":true,"href":"https:\/\/medusa-dreads.de\/index.php?rest_route=\/wp\/v2\/users\/1"}],"replies":[{"embeddable":true,"href":"https:\/\/medusa-dreads.de\/index.php?rest_route=%2Fwp%2Fv2%2Fcomments&post=13"}],"version-history":[{"count":25,"href":"https:\/\/medusa-dreads.de\/index.php?rest_route=\/wp\/v2\/pages\/13\/revisions"}],"predecessor-version":[{"id":291,"href":"https:\/\/medusa-dreads.de\/index.php?rest_route=\/wp\/v2\/pages\/13\/revisions\/291"}],"wp:attachment":[{"href":"https:\/\/medusa-dreads.de\/index.php?rest_route=%2Fwp%2Fv2%2Fmedia&parent=13"}],"curies":[{"name":"wp","href":"https:\/\/api.w.org\/{rel}","templated":true}]}}